{"id":1313,"date":"2019-06-05T10:08:02","date_gmt":"2019-06-05T10:08:02","guid":{"rendered":"https:\/\/www.autocaresizaro.com\/politica-de-privacidad-y-proteccion-de-datos\/"},"modified":"2019-06-05T10:08:02","modified_gmt":"2019-06-05T10:08:02","slug":"politica-de-privacidad-y-proteccion-de-datos","status":"publish","type":"page","link":"https:\/\/www.autocaresizaro.com\/en\/politica-de-privacidad-y-proteccion-de-datos\/","title":{"rendered":"Pol\u00edtica\u00a0de Privacidad y Protecci\u00f3n de datos"},"content":{"rendered":"<h1 style=\"text-align: center; margin: 30px; font-size: 24px;\">Pol\u00edtica\u00a0de Privacidad y Protecci\u00f3n de datos<\/h1>\n<h2><strong>PROTECCI\u00d3N DE DATOS<\/strong><\/h2>\n<h2><strong>Normativa aplicable<\/strong><\/h2>\n<p>De conformidad con lo que dispone el RGPD (Reglamento General de Protecci\u00f3n de Datos) en vigor,\u00a0<strong>Izaro\u00a0<\/strong>informa a los usuarios de la p\u00e1gina web (<strong>\u201cWeb\u201d<\/strong>) que la informaci\u00f3n de car\u00e1cter personal que puede proporcionarnos, ya sea a trav\u00e9s de determinados formularios de recogida incluidos en las diferentes secciones de la Web, ser\u00e1n recogidos en un fichero, el responsable del cual es la empresa MARFINA, S.L. (<strong>\u201cMARFINA\u201d<\/strong>) y cabecera de MOVENTIS\u00a0 (<strong>\u201cGrupo MOVENTIS\u201d<\/strong>), seg\u00fan se indica en las correspondientes secciones de la Web.<\/p>\n<p>Las empresas de MOVENTIS son las empresas que se relacionan en el listado que el usuario puede consultar clicando aqu\u00ed.<\/p>\n<p>Los datos de car\u00e1cter personal recogidos son objeto de tratamiento, seg\u00fan se requiera., tanto automatizado como convencional, e incorporados y conservados, de una parte, en los ficheros titularidad de MARFINA o de las empresas del Grupo MOVENTIS que act\u00faen como responsables de los ficheros correspondientes. Se mantiene registro del tratamiento de los mismos, debidamente actualizado.<\/p>\n<p>En cada formulario de recogida de datos de car\u00e1cter personal de la Web se indica de manera expresa, por cada supuesto concreto, qui\u00e9n o qui\u00e9nes son los responsables del tratamiento de los datos de car\u00e1cter personal y los responsables de los correspondientes ficheros.<\/p>\n<h2><strong>Ejercicio de los derechos de los usuarios<\/strong><\/h2>\n<p>El ejercicio de los derechos de acceso, rectificaci\u00f3n, supresi\u00f3n, limitaci\u00f3n de tratamiento, portabilidad y oposici\u00f3n, puede llevarse a cabo de conformidad con lo que se dispone a la normativa vigente, mediante una solicitud remitida a nuestra direcci\u00f3n de correo electr\u00f3nico establecida a este efecto,<a href=\"mailto:administracionweb@marfina.net\">administracionweb@marfina.net<\/a>, o a la direcci\u00f3n postal, MOVENTIS \u2013 Dept. Asesor\u00eda Jur\u00eddica, Pau Vila, 22 4\u00aa planta \u2013 edificio Helion, 08174, Sant Cugat del Vall\u00e8s, a la cual se debe adjuntar en cualquier caso una fotocopia del DNI o documento equivalente v\u00e1lido, de conformidad a derecho que permita acreditar su identidad.<\/p>\n<h2><strong>Principio de calidad de los datos personales<\/strong><\/h2>\n<p>La no cumplimentaci\u00f3n o cumplimentaci\u00f3n parcial de los datos de car\u00e1cter personal por parte de los usuarios que les puedan ser requeridas en un formulario de la Web, podr\u00eda suponer que las empresas del Grupo MOVENTIS no puedan atender a su solicitud de informaci\u00f3n, ni prestar los servicios que se ofrecen en la Web.<\/p>\n<p>El usuario se responsabiliza de comunicar al responsable del tratamiento que en cada caso corresponda, cualquier modificaci\u00f3n de los datos de car\u00e1cter personal facilitados, con el objeto que la informaci\u00f3n contenida en los ficheros est\u00e9 en todo momento actualizada y no contenga errores.<\/p>\n<p>Las empresas del Grupo MOVENTIS cumplen lo que dispone la normativa vigente en cuanto al deber de cancelaci\u00f3n de la informaci\u00f3n personal que haya dejado de ser necesaria para la finalidad o finalidades por las que fue recogida, y queda bloqueada en su caso,\u00a0con la finalidad de poder atender las posibles responsabilidades derivadas del tratamiento de los datos, y s\u00f3lo durante los plazos de prescripci\u00f3n de estas responsabilidades. Una vez transcurridos estos plazos, se elimina definitivamente esta informaci\u00f3n mediante m\u00e9todos seguros.<\/p>\n<p>Los menores de 14 a\u00f1os no pueden enviar ning\u00fan tipo de informaci\u00f3n personal sin el consentimiento de su padre\/madre o tutor. Las empresas del Grupo MOVENTIS no son responsables de ninguna informaci\u00f3n personal enviada por menores de 14 a\u00f1os sin la autorizaci\u00f3n oportuna.<\/p>\n<h2><strong>Datos especialmente protegidos<\/strong><\/h2>\n<p>Seg\u00fan lo dispuesto en la normativa vigente sobre protecci\u00f3n de datos de car\u00e1cter personal, en caso que nos faciliten informaci\u00f3n relativa a su ideolog\u00eda, afiliaci\u00f3n sindical, religi\u00f3n o creencias, el usuario debe darnos en el correspondiente formulario el consentimiento expl\u00edcito y por escrito para poder tratar esta informaci\u00f3n. De la misma manera, los datos relacionados con el origen racial, salud o vida sexual del usuario requieren de su consentimiento expreso en el correspondiente formulario para poder tratarlos.<\/p>\n<p>En cuanto a las posibles comunicaciones de esta tipolog\u00eda de datos de car\u00e1cter personal a terceros, informaremos al usuario oportunamente en cada caso concreto y facilitaremos el medio para oponerse, de conformidad con la normativa vigente.<\/p>\n<h2><strong>Finalidad de la recogida de datos personales<\/strong><\/h2>\n<p>La recogida y el tratamiento de los datos de car\u00e1cter personal tiene como finalidad, entre otras, poder contactar con el usuario atender y gestionar adecuadamente las consultas, comentarios, incidencias o sugerencias enviadas; gestionar las tareas b\u00e1sicas de administraci\u00f3n y la emisi\u00f3n de presupuestos, modificaci\u00f3n o baja de las tarjetas de fidelizaci\u00f3n que en su momento se ofrezcan; mantenerlo informado, ya sea por correo electr\u00f3nico o por cualquier otro medio, de novedades y servicios (si fuera necesario, gestionar la prestaci\u00f3n adecuada) relacionados con empresas del sector de la automoci\u00f3n relacionadas con \u00e9sta; y gestionar su participaci\u00f3n en los cursos de formaci\u00f3n ofrecidos y en procesos de selecci\u00f3n de personal.<\/p>\n<p>En cuanto al tratamiento de los datos con finalidades exclusivamente promocionales o publicitarias, se facilita al usuario, juntamente con el correspondiente formulario de recogida de datos de car\u00e1cter personal, la posibilidad de oponerse en el mismo momento que facilite sus datos. As\u00ed mismo se pone a su servicio un procedimiento oportuno, sencillo y gratuito, para que pueda indicar libremente su oposici\u00f3n cuando el usuario lo considere oportuno.<\/p>\n<p>Si el usuario no desea recibir esta informaci\u00f3n puede comunicar gratuitamente su decisi\u00f3n a trav\u00e9s de los medios anteriormente indicados para ejercer sus derechos y, en todo caso, mediante el correspondiente marcado en la casilla que constar\u00e1 en la secci\u00f3n de la Web. Su aceptaci\u00f3n para que se env\u00ede la informaci\u00f3n comercial o publicitaria tiene siempre car\u00e1cter revocable, sin efectos retroactivos.<\/p>\n<h2><strong>Cesi\u00f3n de datos de car\u00e1cter personal<\/strong><\/h2>\n<p>Respecto de las posibles comunicaciones de datos a terceros, informaremos al afectado oportunamente en cada caso y facilitaremos el medio para oponerse, conforme a la normativa vigente.<\/p>\n<p>En el caso que no autorice la cesi\u00f3n de sus datos personales a otra persona del Grupo, diferente de la est\u00e9 solicitando sus datos personales, el usuario debe proceder al correspondiente marcado de la casilla que constar\u00e1 en la secci\u00f3n de la Web donde est\u00e9 el formulario que est\u00e9 empleando.<\/p>\n<p>El consentimiento para la comunicaci\u00f3n de datos de car\u00e1cter personal es revocable en cualquier momento, si bien no tiene efectos retroactivos.<\/p>\n<h2><strong>Medidas de seguridad<\/strong><\/h2>\n<p>Se han adoptado los niveles de seguridad de protecci\u00f3n de datos personales requeridos por la normativa vigente, de acuerdo con el tipo de informaci\u00f3n tratada, y se han implantado otros medios y medidas t\u00e9cnicas adicionales a su alcance para evitar la alteraci\u00f3n, p\u00e9rdida, tratamiento o acceso no autorizado de los datos personales facilitados. Todo esto de conformidad con lo que se prev\u00e9 en la normativa de vigor.<\/p>\n<p><a name=\"_GoBack\"><\/a> Se garantiza que se han adoptado las medidas oportunas para garantizar la seguridad de la informaci\u00f3n y la confidencialidad de los datos que nos env\u00eden por Internet. Por eso, se utiliza la tecnolog\u00eda de seguridad Secure Socket Layer (SSL), sistema que permite el encriptado de la informaci\u00f3n que nos env\u00eden y evita la lectura, incluso si es interceptada inadecuadamente. No obstante eso, el usuario debe ser consciente que las medidas de seguridad en Internet no son inexpugnables.<\/p>\n<p>Cuando acceden a nuestro sitio web, no almacenamos ninguna informaci\u00f3n en su ordenador a trav\u00e9s de cookies, para poder reconocerles de manera autom\u00e1tica la pr\u00f3xima vez que la utilice.<br \/>\nEste portal de Internet contiene enlaces a otros sitios web relacionados con las empresas del Grupo MOVENTIS.<\/p>\n<h2><strong>Modificaci\u00f3n de la pol\u00edtica de privacidad<\/strong><\/h2>\n<p>Las empresas del Grupo MOVENTIS se reservan el derecho a modificar esta pol\u00edtica de privacidad para adaptarla a las novedades legislativas o jurisprudenciales. En estos supuestos, anunciar\u00e1 en esta Web los cambios producidos con una anticipaci\u00f3n razonable a su puesta en pr\u00e1ctica.<\/p>\n<p>As\u00ed mismo proporcionar\u00e1 a los usuarios los recursos t\u00e9cnicos adecuados para qu\u00e9, con car\u00e1cter previo, puedan acceder a este aviso sobre la pol\u00edtica de privacidad y protecci\u00f3n de datos, como tambi\u00e9n a los textos informativos y de obtenci\u00f3n del consentimiento para el tratamiento de sus datos personales, en cada supuesto de su recogida mediante este sitio Web.<\/p>\n<h2><strong>Informaci\u00f3n general<\/strong><\/h2>\n<p>En virtud de lo que establece el art\u00edculo 10 de la Ley 34\/2002 de 11 de julio, de Servicios de la Sociedad de la Informaci\u00f3n y de Comercio Electr\u00f3nico, y de conformidad con el principio de transparencia de nuestra compa\u00f1\u00eda, se informa a los usuarios de los datos legales de este sitio web:<\/p>\n<ul>\n<li>Titular: Autocares Izaro SA<\/li>\n<li>Direcci\u00f3n: C\/ Mare de Deu de Port, 153<\/li>\n<li>Contacto correo electr\u00f3nico: <a href=\"mailto:info@autocaresizaro.com\">info@autocaresizaro.com<\/a><\/li>\n<li>Tel\u00e9fono: 902326266<\/li>\n<li>CIF n\u00fam.:\u00a0 A08947715<\/li>\n<\/ul>\n","protected":false},"excerpt":{"rendered":"<p>Pol\u00edtica\u00a0de Privacidad y Protecci\u00f3n de datos PROTECCI\u00d3N DE DATOS Normativa aplicable De conformidad con lo que dispone el RGPD (Reglamento General de Protecci\u00f3n de Datos) en vigor,\u00a0Izaro\u00a0informa a los usuarios de la p\u00e1gina web (\u201cWeb\u201d) que la informaci\u00f3n de car\u00e1cter personal que puede proporcionarnos, ya sea a trav\u00e9s de determinados formularios de recogida incluidos en &hellip;<\/p>\n<p class=\"read-more\"><a href=\"https:\/\/www.autocaresizaro.com\/en\/politica-de-privacidad-y-proteccion-de-datos\/\">Continue reading <span class=\"meta-nav\">&rarr;<\/span><\/a><\/p>\n","protected":false},"author":1,"featured_media":0,"parent":0,"menu_order":60,"comment_status":"closed","ping_status":"closed","template":"","meta":{"footnotes":""},"_links":{"self":[{"href":"https:\/\/www.autocaresizaro.com\/en\/wp-json\/wp\/v2\/pages\/1313"}],"collection":[{"href":"https:\/\/www.autocaresizaro.com\/en\/wp-json\/wp\/v2\/pages"}],"about":[{"href":"https:\/\/www.autocaresizaro.com\/en\/wp-json\/wp\/v2\/types\/page"}],"author":[{"embeddable":true,"href":"https:\/\/www.autocaresizaro.com\/en\/wp-json\/wp\/v2\/users\/1"}],"replies":[{"embeddable":true,"href":"https:\/\/www.autocaresizaro.com\/en\/wp-json\/wp\/v2\/comments?post=1313"}],"version-history":[{"count":0,"href":"https:\/\/www.autocaresizaro.com\/en\/wp-json\/wp\/v2\/pages\/1313\/revisions"}],"wp:attachment":[{"href":"https:\/\/www.autocaresizaro.com\/en\/wp-json\/wp\/v2\/media?parent=1313"}],"curies":[{"name":"wp","href":"https:\/\/api.w.org\/{rel}","templated":true}]}}