{"id":593,"date":"2013-03-19T09:43:09","date_gmt":"2013-03-19T09:43:09","guid":{"rendered":"http:\/\/www.autocaresizaro.com\/?page_id=593"},"modified":"2020-05-05T11:18:01","modified_gmt":"2020-05-05T11:18:01","slug":"lloguer-autocars-empreses","status":"publish","type":"page","link":"https:\/\/www.autocaresizaro.com\/ca\/lloguer-autocars-empreses\/","title":{"rendered":"Serveis"},"content":{"rendered":"<p>&nbsp;<\/p>\n<div style=\"width: 240px; margin-right: 110px; float: left; position: relative; height: 481px;\">\n<p><img loading=\"lazy\" decoding=\"async\" class=\"alignnone size-full wp-image-136\" style=\"margin-bottom: 15px; margin-top: 10px;\" title=\"Lloguer Autocars empreses\" src=\"http:\/\/www.autocaresizaro.com\/wp-content\/uploads\/2013\/01\/Vibra.jpg\" alt=\"\" width=\"240\" height=\"180\" \/><\/p>\n<h2 style=\"margin-top: 30px; margin-bottom: 8px;\"><strong>MARKETING EN MOVIMENT<\/strong><\/h2>\n<p style=\"margin-bottom: 15px; text-align: justify;\">Autocars Izaro realitza la producci\u00f3 global de campanyes en moviment que fan viure experi\u00e8ncies memorables.<\/p>\n<p style=\"margin-bottom: 15px; text-align: justify;\">Projectem, dissenyem i realitzem campanyes sota la seva supervisi\u00f3.<\/p>\n<p style=\"position: absolute; bottom: 0px;\"><span style=\"color: #e0081f;\"><a title=\"Pressupostos\" href=\"http:\/\/www.autocaresizaro.com\/ca\/pressupost\/\"><span style=\"color: #e0081f;\"><strong><span style=\"color: #e0081f;\">Pressupost<\/span><\/strong><\/span><\/a><\/span><\/p>\n<\/div>\n<div style=\"width: 240px; margin-right: 110px; float: left; position: relative; height: 481px;\">\n<p><img loading=\"lazy\" decoding=\"async\" class=\"alignnone size-full wp-image-149\" style=\"margin-bottom: 15px; margin-top: 10px;\" title=\"Lloguer autocars transfer aeroport\" src=\"http:\/\/www.autocaresizaro.com\/wp-content\/uploads\/2013\/01\/On-time.jpg\" alt=\"\" width=\"240\" height=\"180\" \/><\/p>\n<h2 style=\"margin-top: 30px; margin-bottom: 8px;\"><strong>GRANS ESDEVENIMENTS<\/strong><\/h2>\n<p style=\"margin-bottom: 15px; text-align: justify;\">Per a l&#8217;\u00e8xit de qualsevol esdeveniment gran, \u00e9s imprescindible poder despla\u00e7ar amb seguretat a milers de persones cap a, al voltant i dins de la seu- aix\u00ed com garantir la sortida tranqui-la al final de l&#8217;esdeveniment.<\/p>\n<p style=\"margin-bottom: 15px; text-align: justify;\">Posem tota la nostra experi\u00e8ncia col\u00b7laborant amb l&#8217;organitzaci\u00f3 de l&#8217;esdeveniment per a que sigui un \u00e8xit total.<\/p>\n<p style=\"position: absolute; bottom: 0px;\"><a title=\"Pressupostos\" href=\"http:\/\/www.autocaresizaro.com\/ca\/pressupost\/\"><strong><span style=\"color: #e0081f;\">Pressupost<\/span><\/strong><\/a><\/p>\n<\/div>\n<div style=\"width: 240px; float: left; position: relative; height: 481px;\">\n<p><a href=\"http:\/\/www.izarostatus.com\/\"><img loading=\"lazy\" decoding=\"async\" class=\"alignnone size-full wp-image-150\" style=\"margin-bottom: 15px; margin-top: 10px;\" title=\"Lloguer minibusos luxe\" src=\"http:\/\/www.autocaresizaro.com\/wp-content\/uploads\/2013\/01\/Status.jpg\" alt=\"\" width=\"240\" height=\"180\" \/><\/a><\/p>\n<h2 style=\"margin-top: 30px; margin-bottom: 8px;\"><strong>DESCUBREIXI L\u2019EXCEL\u00b7L\u00c8NCIA<\/strong><\/h2>\n<p style=\"margin-bottom: 15px; text-align: justify;\">Autocars Izaro continua construint la seva extraordin\u00e0ria historia creant noves experi\u00e8ncies de viatge, tot aix\u00f2 com a conseq\u00fc\u00e8ncia del seu llarg aprenentatge durant m\u00e9s de 30 anys.<\/p>\n<p style=\"margin-bottom: 15px; text-align: justify;\">Vehicles vibrants i cosmopolites enfocats a un sector d primer nivell on la exclusivitat i la garant\u00eda son factors prioritaris.<\/p>\n<p style=\"position: absolute; bottom: 0px;\"><a title=\"Pressupostos\" href=\"http:\/\/www.autocaresizaro.com\/ca\/pressupost\/\"><strong><span style=\"color: #e0081f;\">Pressupost<\/span><\/strong><\/a><\/p>\n<\/div>\n<div class=\"hr\"><\/div>\n<div style=\"width: 240px; margin-right: 110px; float: left; position: relative; height: 458px;\">\n<p><img loading=\"lazy\" decoding=\"async\" class=\"alignnone size-full wp-image-181\" style=\"margin-bottom: 15px; margin-top: 10px;\" title=\"Lloguer minibusos esdeveniments\" src=\"http:\/\/www.autocaresizaro.com\/wp-content\/uploads\/2013\/01\/Congresos.jpg\" alt=\"\" width=\"240\" height=\"180\" \/><\/p>\n<h2 style=\"margin-top: 30px; margin-bottom: 8px;\"><strong>INCENTIUS,CONGRESSOS I CONVENCIONS<\/strong><\/h2>\n<p style=\"margin-bottom: 15px; text-align: justify;\">Sense tenir en compte de la mida de l\u2019esdeveniment, el nostre equip hum\u00e0 aporta la seva experi\u00e8ncia i mitjans al seu servei buscant obtenir els millors resultats log\u00edstics per a la consecuci\u00f3 de l\u2019\u00e8xit final de la operaci\u00f3.<\/p>\n<p style=\"margin-bottom: 15px; text-align: justify;\"><strong>El seu \u00e8xit \u00e9s el nostre \u00e8xit!<\/strong><\/p>\n<p style=\"position: absolute; bottom: 0px;\"><a title=\"Pressupostos\" href=\"http:\/\/www.autocaresizaro.com\/ca\/pressupost\/\"><strong><span style=\"color: #e0081f;\">Pressupost<\/span><\/strong><\/a><\/p>\n<\/div>\n<div style=\"width: 240px; margin-right: 110px; float: left; position: relative; height: 458px;\">\n<p><img loading=\"lazy\" decoding=\"async\" class=\"alignnone size-full wp-image-181\" style=\"margin-bottom: 15px; margin-top: 10px;\" title=\"Lloguer autocars visites Barcelona\" src=\"http:\/\/www.autocaresizaro.com\/wp-content\/uploads\/2013\/01\/Turisticos.jpg\" alt=\"\" width=\"240\" height=\"180\" \/><\/p>\n<h2 style=\"margin-top: 30px; margin-bottom: 8px;\"><strong>RECEPTIU I SERVEIS TUR\u00cdSTICS <\/strong><\/h2>\n<p style=\"margin-bottom: 15px; text-align: justify;\">Ens encarreguem de tota la log\u00edstica de transport de grans eventualitats i esdeveniments p\u00fablics. Aportem tota la nostre experi\u00e8ncia col\u2022laborant amb la organitzaci\u00f3 de l\u2019esdeveniment per a que sigui un \u00e8xit total.<\/p>\n<p style=\"margin-bottom: 15px; text-align: justify;\"><strong>Qualitat i confort!<\/strong><\/p>\n<p style=\"position: absolute; bottom: 0px;\"><a title=\"Pressupostos\" href=\"http:\/\/www.autocaresizaro.com\/ca\/pressupost\/\"><strong><span style=\"color: #e0081f;\">Pressupost<\/span><\/strong><\/a><\/p>\n<\/div>\n<div style=\"width: 240px; float: left; position: relative; height: 458px;\">\n<p><img loading=\"lazy\" decoding=\"async\" class=\"alignnone size-full wp-image-181\" style=\"margin-bottom: 15px; margin-top: 10px;\" title=\"Lloguer autocars convencions i congressos\" src=\"http:\/\/www.autocaresizaro.com\/wp-content\/uploads\/2013\/01\/Colectivos2.jpg\" alt=\"\" width=\"240\" height=\"180\" \/><\/p>\n<h2 style=\"margin-top: 30px; margin-bottom: 8px;\"><strong>COLECTIUS<\/strong><\/h2>\n<p style=\"margin-bottom: 15px; text-align: justify;\">La nostra experi\u00e8ncia i capacitat permeten que mitjan\u00e7ant uns estudis previs dels recorreguts de les rutes di\u00e0ries del personal, les empreses optimitzin els seus recursos econ\u00f2mics i humans.<\/p>\n<p style=\"margin-bottom: 15px; text-align: justify;\"><strong>Disponibilitat i flexibilitat!<\/strong><\/p>\n<p style=\"position: absolute; bottom: 0px;\"><a title=\"Pressupostos\" href=\"http:\/\/www.autocaresizaro.com\/ca\/pressupost\/\"><strong><span style=\"color: #e0081f;\">Pressupost<\/span><\/strong><\/a><\/p>\n<\/div>\n<div class=\"hr\"><\/div>\n<div style=\"width: 240px; margin-right: 110px; float: left; position: relative; height: 708px;\">\n<p><img loading=\"lazy\" decoding=\"async\" class=\"alignnone size-full wp-image-181\" style=\"margin-bottom: 15px; margin-top: 10px;\" title=\"Lloguer transport escolar\" src=\"http:\/\/www.autocaresizaro.com\/wp-content\/uploads\/2013\/01\/Escolar.jpg\" alt=\"\" width=\"240\" height=\"180\" \/><\/p>\n<h2 style=\"margin-top: 30px; margin-bottom: 8px;\"><strong>TRANSPORT A LES ESCOLES<\/strong><\/h2>\n<p style=\"margin-bottom: 15px; text-align: justify;\">Sobre la base de la m\u00e0xima seguretat i puntualitat organitzem tots els nostres serveis de transport escolar.<\/p>\n<p style=\"margin-bottom: 15px; text-align: justify;\">Trasllats a piscines, activitats extraescolars, excursions, recollida per dia, viatges de final de cur. Tenim previst totes les necessitats en calendaris per coordinar els diferents cursos i treballar amb els mestres per tal de facilitar el trasllat a qualsevol activitat.<\/p>\n<p style=\"margin-bottom: 15px; text-align: justify;\">Tots els nostres vehicles compleixen les normatives de seguretat establertes, a m\u00e9s de comptar amb tots els sistemes de seguretat tant actius com passius actualment disponibles en el mercat, disposant de cinturons de seguretat homologats en totes les butaques.<\/p>\n<p style=\"margin-bottom: 15px; text-align: justify;\"><strong>Seguretat i puntualitat!<\/strong><\/p>\n<p style=\"position: absolute; bottom: 0px;\"><a title=\"Pressupostos\" href=\"http:\/\/www.autocaresizaro.com\/ca\/pressupost\/\"><strong><span style=\"color: #e0081f;\">Pressupost<\/span><\/strong><\/a><\/p>\n<\/div>\n<div style=\"width: 240px; margin-right: 110px; float: left; position: relative; height: 708px;\">\n<p><img loading=\"lazy\" decoding=\"async\" class=\"alignnone size-full wp-image-181\" style=\"margin-bottom: 15px; margin-top: 10px;\" title=\"Lloguer Minibusos adaptats\" src=\"http:\/\/www.autocaresizaro.com\/wp-content\/uploads\/2013\/01\/Minusvalidos1.jpg\" alt=\"\" width=\"240\" height=\"180\" \/><\/p>\n<h2 style=\"margin-top: 30px; margin-bottom: 8px;\"><strong>MOBILITAT REDU\u00cfDA (PMR)<\/strong><\/h2>\n<p style=\"margin-bottom: 15px; text-align: justify;\">Izaro ha adaptat els vehicles per al transport de persones amb mobilitat redu\u00efda i estan equipades amb les \u00faltimes tecnologies disponibles en el mercat en quant a subjeccions i cinturons de seguretat.<\/p>\n<p style=\"margin-bottom: 15px; text-align: justify;\">Amb aquest tipus de vehicles complim amb una de les nostres premisses:<\/p>\n<p style=\"margin-bottom: 15px;\"><strong><strong>Tothom ha de poguer viatjar amb IZARO!<\/strong>!!<\/strong><\/p>\n<p style=\"position: absolute; bottom: 0px;\"><a title=\"Pressupostos\" href=\"http:\/\/www.autocaresizaro.com\/ca\/pressupost\/\"><strong><span style=\"color: #e0081f;\">Pressupost<\/span><\/strong><\/a><\/p>\n<\/div>\n<div style=\"width: 240px; float: left; position: relative; height: 708px;\">\n<p><img loading=\"lazy\" decoding=\"async\" class=\"alignnone size-full wp-image-181\" style=\"margin-bottom: 15px; margin-top: 10px;\" title=\"Lloguer autocars per a esdeveniments esportius\" src=\"http:\/\/www.autocaresizaro.com\/wp-content\/uploads\/2013\/01\/Deportivos.jpg\" alt=\"\" width=\"240\" height=\"180\" \/><\/p>\n<h2 style=\"margin-top: 30px; margin-bottom: 8px;\"><strong>TRANSPORT D\u2019ESPORTS<\/strong><\/h2>\n<p style=\"margin-bottom: 15px; text-align: justify;\">Facilitem els despla\u00e7aments a entitats esportives, als seus equips i a les seves aficions.<\/p>\n<p style=\"margin-bottom: 15px; text-align: justify;\"><strong>Comoditat i seguretat!<\/strong><\/p>\n<p style=\"position: absolute; bottom: 0px;\"><a title=\"Pressupostos\" href=\"http:\/\/www.autocaresizaro.com\/ca\/pressupost\/\"><strong><span style=\"color: #e0081f;\">Pressupost<\/span><\/strong><\/a><\/p>\n<\/div>\n<div class=\"hr\"><\/div>\n","protected":false},"excerpt":{"rendered":"<p>&nbsp; MARKETING EN MOVIMENT Autocars Izaro realitza la producci\u00f3 global de campanyes en moviment que fan viure experi\u00e8ncies memorables. Projectem, dissenyem i realitzem campanyes sota la seva supervisi\u00f3. Pressupost GRANS ESDEVENIMENTS Per a l&#8217;\u00e8xit de qualsevol esdeveniment gran, \u00e9s imprescindible poder despla\u00e7ar amb seguretat a milers de persones cap a, al voltant i dins de &hellip;<\/p>\n<p class=\"read-more\"><a href=\"https:\/\/www.autocaresizaro.com\/ca\/lloguer-autocars-empreses\/\">Continue reading <span class=\"meta-nav\">&rarr;<\/span><\/a><\/p>\n","protected":false},"author":1,"featured_media":0,"parent":0,"menu_order":40,"comment_status":"closed","ping_status":"closed","template":"","meta":{"footnotes":""},"_links":{"self":[{"href":"https:\/\/www.autocaresizaro.com\/ca\/wp-json\/wp\/v2\/pages\/593"}],"collection":[{"href":"https:\/\/www.autocaresizaro.com\/ca\/wp-json\/wp\/v2\/pages"}],"about":[{"href":"https:\/\/www.autocaresizaro.com\/ca\/wp-json\/wp\/v2\/types\/page"}],"author":[{"embeddable":true,"href":"https:\/\/www.autocaresizaro.com\/ca\/wp-json\/wp\/v2\/users\/1"}],"replies":[{"embeddable":true,"href":"https:\/\/www.autocaresizaro.com\/ca\/wp-json\/wp\/v2\/comments?post=593"}],"version-history":[{"count":27,"href":"https:\/\/www.autocaresizaro.com\/ca\/wp-json\/wp\/v2\/pages\/593\/revisions"}],"predecessor-version":[{"id":1282,"href":"https:\/\/www.autocaresizaro.com\/ca\/wp-json\/wp\/v2\/pages\/593\/revisions\/1282"}],"wp:attachment":[{"href":"https:\/\/www.autocaresizaro.com\/ca\/wp-json\/wp\/v2\/media?parent=593"}],"curies":[{"name":"wp","href":"https:\/\/api.w.org\/{rel}","templated":true}]}}