{"id":329,"date":"2012-05-15T19:36:11","date_gmt":"2012-05-15T19:36:11","guid":{"rendered":"http:\/\/www.autocaresizaro.com\/empresa\/"},"modified":"2020-05-05T11:18:01","modified_gmt":"2020-05-05T11:18:01","slug":"empresa-lloguer-autocars-adaptats","status":"publish","type":"page","link":"https:\/\/www.autocaresizaro.com\/ca\/empresa-lloguer-autocars-adaptats\/","title":{"rendered":"Empresa"},"content":{"rendered":"<div class=\"slider-wrapper theme-default\"><div class=\"ribbon\"><\/div><div id=\"nivo-slider\" class=\"nivo-slider\"><\/div><\/div>\n<h2 style=\"text-align: center;\">Som una de les empreses de refer\u00e8ncia dins el sector del Servei de Transport discrecional de viatgers. S\u00f3n m\u00e9s de 40 anys d&#8217;experi\u00e8ncia que ens situen com la millor opci\u00f3 en els serveis de transport.<\/h2>\n<h2 style=\"text-align: center;\">L&#8217;empresa compta amb una \u00e0mplia gamma d&#8217;autocars, arribant a la suma de m\u00e9s de 100 vehicles, amb una mitjana de 4 anys d&#8217;edat. Tots els autocars estan equipats amb les \u00faltimes innovacions en el mercat, tant en termes de confort com de seguretat (certificats ISO en ambient de qualitat 9001: 2000 ISO 14001\/1996).<\/h2>\n<h2 style=\"text-align: center;\">El nostre principal objectiu \u00e9s satisfer les necessitats dels nostres clients, ja siguin serveis discrecionals o b\u00e9 regulars.<\/h2>\n<div class=\"hr\"><h2 class=\"special-font\">EQUIP<\/h2><\/div>\n<div class=\"one-third\"><br \/>\n<img loading=\"lazy\" decoding=\"async\" class=\"alignnone size-full wp-image-106\" title=\"Lloguer Autocars adaptats\" src=\"http:\/\/www.autocaresizaro.com\/wp-content\/uploads\/2013\/01\/Equipo.jpg\" alt=\"\" width=\"290\" height=\"200\" \/><br \/>\n<\/div>\n<div class=\"one-third\"><\/p>\n<p><strong>Autocars IZARO<\/strong> est\u00e0 formada per un equip de m\u00e9s de 125 professionals pertanyents a diferents disciplines, preparats per donar una resposta r\u00e0pida i adaptada a les necessitats dels nostres clients. El nostre personal t\u00e9 una clara vocaci\u00f3 de servei treballant 24 hores al dia, 365 dies l&#8217;any per oferir el millor servei. La nostra empresa li ofereix plena disponibilitat i flexibilitat.<\/p>\n<p><\/div>\n<div class=\"one-third last-column\"><\/p>\n<p>El personal d&#8217;<strong>Autocars IZARO<\/strong> est\u00e0 preparat per ajudar a respondre a les seves necessitats independentment del servei, aix\u00ed com per a garantir la seguretat i comoditat en tots els seus viatges.<\/p>\n<p>&nbsp;<\/p>\n<p>Disposem de efica\u00e7os sistemes de control. Aquests programes millorant les tasques de distribuci\u00f3 i inspecci\u00f3 de tots els serveis per poder refor\u00e7ar la ubicaci\u00f3 i els dominis d&#8217;acci\u00f3.<br \/>\n<\/div>\n<div class=\"hr\"><h2 class=\"special-font\">INSTALACIONS<\/h2><\/div>\n<div class=\"one-third\"><br \/>\n<img loading=\"lazy\" decoding=\"async\" title=\"Lloguer Autocars per a congressos\" src=\"http:\/\/www.autocaresizaro.com\/wp-content\/uploads\/2013\/02\/Instalaciones2.jpg\" alt=\"\" width=\"290\" height=\"200\" \/><br \/>\n<\/div>\n<div class=\"one-third\"><\/p>\n<p><strong>Autocars IZARO<\/strong> disposa d&#8217;amplis i completes instal\u2022lacions. La nostra empresa t\u00e9 el seu domicili social i la seva base d&#8217;explotaci\u00f3 en el carrer Mare de D\u00e9u del port de Barcelona. Disposem de 18.000 m\u00b2 entre oficines i aparcament, destinats a la <a href=\"http:\/\/www.autocaresizaro.com\/ca\/flota\/\">flota<\/a> de vehicles.<\/p>\n<p><\/div>\n<div class=\"one-third last-column\"><\/p>\n<p>Les nostres instal\u2022lacions tenen capacitat per l\u00b4estacionament de m\u00e9s de 100 vehicles i estan equipades amb tot el material t\u00e8cnic necessari per al manteniment dels nostres vehicles: oficines, centre de control del tr\u00e0nsit, el centre de formaci\u00f3, taller de xapa, taller de pintura, secci\u00f3 de neum\u00e0tics, gasolinera, zona de rentat interior i exterior, menjador, vestidors i lavabos.<\/p>\n<p><\/div>\n<div class=\"hr\"><h2 class=\"special-font\">PER A TOTHOM (PMR)<\/h2><\/div>\n<div class=\"one-third\"><br \/>\n<img loading=\"lazy\" decoding=\"async\" title=\"Lloguer vehicles adaptats\" src=\"http:\/\/www.autocaresizaro.com\/wp-content\/uploads\/2013\/01\/Minusvalidos.jpg\" alt=\"\" width=\"290\" height=\"425\" \/><br \/>\n<\/div>\n<div class=\"one-third\"><br \/>\n<strong>El nostre comprom\u00eds amb el transport adaptat. <\/strong><\/p>\n<p>&nbsp;<\/p>\n<p>Autocars Izaro s\u2019anticipa a les necessitats de les persones que utilitzen els nostres serveis de transport. En el nostre comprom\u00eds amb l&#8217;eliminaci\u00f3 de les barreres, estem especialitzats en el transport adaptat per a persones amb mobilitat redu\u00efda.<\/p>\n<p>&nbsp;<\/p>\n<p><strong>Implementem el nostre disseny propi. <\/strong><\/p>\n<p>&nbsp;<\/p>\n<p>A l\u2019hora de sol\u2022licitar nous vehicles adaptats, treballem directament amb les carrosseres en un disseny espec\u00edfic que s&#8217;ajusti a les nostres mesures de seguretat i millores pr\u00f2pies, com ara: cinturons especials per a cadires de rodes, c\u00e0mera de v\u00eddeo per a controlar la plataforma, la recol\u2022locaci\u00f3 dels sistemes de calefacci\u00f3 del vehicle&#8230;<br \/>\n<\/div>\n<div class=\"one-third last-column\"><br \/>\n<strong>Els nostres vehicles s\u2019adapten a tu.<\/strong><\/p>\n<p>&nbsp;<\/p>\n<p>Gaire b\u00e9 la totalitat dels nostres vehicles estan plenament adaptats i permet a tots els usuaris gaudir del viatge amb els mateixos avantatges i beneficis.<\/p>\n<p>&nbsp;<\/p>\n<p><strong>Lliure ampliaci\u00f3 de places adaptades. <\/strong><\/p>\n<p>&nbsp;<\/p>\n<p>Permet la provisi\u00f3 de places adaptades segons les circumst\u00e0ncies, poden ampliar el nombre de cadires de rodes en el vehicle sense cap problema t\u00e8cnic.<br \/>\n<\/div>\n<div class=\"hr\"><h2 class=\"special-font\">QUALITAT I MEDI AMBIENT<\/h2><\/div>\n<div class=\"one-third\"><br \/>\n<img loading=\"lazy\" decoding=\"async\" title=\"lloguer autocars barcelona\" src=\"http:\/\/www.autocaresizaro.com\/wp-content\/uploads\/2013\/01\/calidad.jpg\" alt=\"\" width=\"290\" height=\"200\" \/><br \/>\n<\/div>\n<div class=\"one-third\"><\/p>\n<p>Som reconeguts pel nostre continu esfor\u00e7 per millorar i per aix\u00f2 hem implementat un sistema integrat de gesti\u00f3 de qualitat segons la norma ISO 9001\/2000 i mediambiental segons la norma ISO 14001\/1996.<\/p>\n<p>La <span style=\"color: #e0081f;\">norma ISO 9001<\/span>, millora els aspectes organitzatius d&#8217;una empresa. Som conscients que sense qualitat t\u00e8cnica \u00e9s impossible produir en el mercat actual. Al mateix temps una mala organitzaci\u00f3, genera un mal producte. Qualsevol millora, es tradueix en un benefici per a la qualitat final del producte, i per lo tant de la satisfacci\u00f3 del consumidor que \u00e9s el nostre principal objectiu.<\/p>\n<p>Gr\u00e0cies a la nostra \u00e0mplia experi\u00e8ncia en el mercat tenim perfectament identificats distintius de qualitat per els quals els nostres clients ens valoren:<\/p>\n<p><\/div>\n<div class=\"one-third last-column\"><\/p>\n<p>\u2022 Qualitat, confort, seguretat, neteja i nivell d&#8217;equipament en els nostres vehicles.<\/p>\n<p>\u2022 Puntualitat, professionalitat i disponibilitat.<\/p>\n<p>\u2022 Constant renovaci\u00f3 dels nostres vehicles.<\/p>\n<p>&nbsp;<\/p>\n<p>Des d&#8217;<strong>Autocars Izaro<\/strong> volem contribuir a la conservaci\u00f3 del medi ambient, el que ens porta a l&#8217;aplicaci\u00f3 a l&#8217;empresa de pol\u00edtiques dirigides a aconseguir-ho: l&#8217;adquisici\u00f3 de vehicles m\u00e9s eficients, l&#8217;\u00fas de combustibles alternatius que contaminen menys, limitant la velocitat dels vehicles per a menor consum, formaci\u00f3 de conductors en conducci\u00f3 eficient, racionalitzaci\u00f3 de rutes a trav\u00e9s d&#8217;un sistema d&#8217;ajuda a l&#8217;explotaci\u00f3 (SAE)&#8230; i un llarg etc\u00e8tera.<\/p>\n<p><\/div>\n","protected":false},"excerpt":{"rendered":"<p>Som una de les empreses de refer\u00e8ncia dins el sector del Servei de Transport discrecional de viatgers. S\u00f3n m\u00e9s de 40 anys d&#8217;experi\u00e8ncia que ens situen com la millor opci\u00f3 en els serveis de transport. L&#8217;empresa compta amb una \u00e0mplia gamma d&#8217;autocars, arribant a la suma de m\u00e9s de 100 vehicles, amb una mitjana de &hellip;<\/p>\n<p class=\"read-more\"><a href=\"https:\/\/www.autocaresizaro.com\/ca\/empresa-lloguer-autocars-adaptats\/\">Continue reading <span class=\"meta-nav\">&rarr;<\/span><\/a><\/p>\n","protected":false},"author":1,"featured_media":0,"parent":0,"menu_order":10,"comment_status":"closed","ping_status":"closed","template":"","meta":{"footnotes":""},"_links":{"self":[{"href":"https:\/\/www.autocaresizaro.com\/ca\/wp-json\/wp\/v2\/pages\/329"}],"collection":[{"href":"https:\/\/www.autocaresizaro.com\/ca\/wp-json\/wp\/v2\/pages"}],"about":[{"href":"https:\/\/www.autocaresizaro.com\/ca\/wp-json\/wp\/v2\/types\/page"}],"author":[{"embeddable":true,"href":"https:\/\/www.autocaresizaro.com\/ca\/wp-json\/wp\/v2\/users\/1"}],"replies":[{"embeddable":true,"href":"https:\/\/www.autocaresizaro.com\/ca\/wp-json\/wp\/v2\/comments?post=329"}],"version-history":[{"count":33,"href":"https:\/\/www.autocaresizaro.com\/ca\/wp-json\/wp\/v2\/pages\/329\/revisions"}],"predecessor-version":[{"id":1281,"href":"https:\/\/www.autocaresizaro.com\/ca\/wp-json\/wp\/v2\/pages\/329\/revisions\/1281"}],"wp:attachment":[{"href":"https:\/\/www.autocaresizaro.com\/ca\/wp-json\/wp\/v2\/media?parent=329"}],"curies":[{"name":"wp","href":"https:\/\/api.w.org\/{rel}","templated":true}]}}