{"id":324,"date":"2012-05-15T15:52:10","date_gmt":"2012-05-15T15:52:10","guid":{"rendered":"http:\/\/www.autocaresizaro.com\/inicio\/"},"modified":"2020-05-05T11:18:01","modified_gmt":"2020-05-05T11:18:01","slug":"inicio-3","status":"publish","type":"page","link":"https:\/\/www.autocaresizaro.com\/ca\/","title":{"rendered":"Inici"},"content":{"rendered":"<div class=\"slider-wrapper theme-default\"><div class=\"ribbon\"><\/div><div id=\"nivoslider-WfrWr-1158\" class=\"nivoSlider\"><img decoding=\"async\" src=\"https:\/\/www.autocaresizaro.com\/wp-content\/uploads\/2013\/01\/Banner41.jpg\" alt=\"Alquiler Autobuses adaptados Barcelona\" \/><img decoding=\"async\" src=\"https:\/\/www.autocaresizaro.com\/wp-content\/uploads\/2013\/01\/Banner31.jpg\" alt=\"Alquiler minibuses Barcelona\" \/><img decoding=\"async\" src=\"https:\/\/www.autocaresizaro.com\/wp-content\/uploads\/2020\/07\/Moventis_izaro_949x300_CAST-940x300.jpg\" alt=\"\" \/><img decoding=\"async\" src=\"https:\/\/www.autocaresizaro.com\/wp-content\/uploads\/2013\/01\/Banner21.jpg\" alt=\"Alquiler transporte adaptado Barcelona\" \/><img decoding=\"async\" src=\"https:\/\/www.autocaresizaro.com\/wp-content\/uploads\/2013\/01\/Banner11.jpg\" alt=\"Alquiler autocares para congresos y convenciones Barcelona\" \/><\/div><\/div><script type=\"text\/javascript\">\njQuery(window).load(function(){\n    jQuery(\"#nivoslider-WfrWr-1158\").nivoSlider({\n        effect:\"random\",\n        slices:15,\n        boxCols:8,\n        boxRows:4,\n        animSpeed:500,\n        pauseTime:3000,\n        startSlide:0,\n        directionNav:true,\n        controlNav:true,\n        controlNavThumbs:false,\n        pauseOnHover:true,\n        manualAdvance:false\n    });\n});\n<\/script>\n\n<div class=\"one-fourth\"><\/p>\n<div style=\"height: 217px; margin-top: 15px;\"><h2 class=\"special-font sc\">Convencions, congressos i incentius<\/h2>Sense tenir en compte la mida de l\u2019esdeveniment, el nostre <a href=\"http:\/\/www.autocaresizaro.com\/ca\/empresa-lloguer-autocars-adaptats\/\" target=\"_blank\" rel=\"noopener noreferrer\">equip hum\u00e0<\/a> aporta la seva experi\u00e8ncia i mitjans al seu servei buscant obtenir els millors resultats log\u00edstics per a la consecuci\u00f3 de l\u2019\u00e8xit final de la operaci\u00f3.<\/div>\n<p><a title=\"Servicios\" href=\"http:\/\/www.autocaresizaro.com\/servicios\/\">M\u00e9s informaci\u00f3<\/a><br \/>\n<\/div>\n<div class=\"one-fourth\"><\/p>\n<div style=\"height: 217px; margin-top: 15px;\"><h2 class=\"special-font sc\">Transport escolar<\/h2>Partint de la m\u00e0xima seguretat i puntualitat, organitzem tots els nostres serveis de transport escolar. Tots els nostres <a href=\"http:\/\/www.autocaresizaro.com\/ca\/flota-lloguer-autocars-i-minibusos-amb-conductor\/\" target=\"_blank\" rel=\"noopener noreferrer\">vehicles adaptats<\/a> compleixen les normatives de seguretat establertes, a m\u00e9s de comptar amb tots els sistemes de seguretat disponibles en el mercat.<\/div>\n<p><a title=\"Servicios\" href=\"http:\/\/www.autocaresizaro.com\/servicios\/\">M\u00e9s informaci\u00f3<\/a><br \/>\n<\/div>\n<div class=\"one-fourth\"><\/p>\n<div style=\"height: 217px; margin-top: 15px;\"><h2 class=\"special-font sc\">Receptiu i serveis tur\u00edstics<\/h2>Ens encarreguem de tota la log\u00edstica de transport de grans eventualitats i esdeveniments p\u00fablics. Aportem tota la nostre experi\u00e8ncia col\u2022laborant amb l&#8217;organitzaci\u00f3 de l\u2019esdeveniment per a que sigui un \u00e8xit total.<\/div>\n<p><a title=\"Servicios\" href=\"http:\/\/www.autocaresizaro.com\/servicios\/\">M\u00e9s informaci\u00f3<\/a><br \/>\n<\/div>\n<div class=\"one-fourth last-column\"><\/p>\n<div style=\"height: 217px; margin-top: 15px;\"><h2 class=\"special-font sc\">Empreses<\/h2>La nostra experi\u00e8ncia i capacitat permeten que mitjan\u00e7ant uns estudis previs dels recorreguts de les rutes di\u00e0ries del personal, les empreses optimitzin els seus recursos econ\u00f2mics i humans.<\/div>\n<p><a title=\"Servicios\" href=\"http:\/\/www.autocaresizaro.com\/servicios\/\">M\u00e9s informaci\u00f3<\/a><br \/>\n<\/div>\n<div class=\"hr\"><h2 class=\"special-font\">ELS NOSTRES VEHICLES<\/h2><\/div>\n<div class=\"three-fourth\"><\/p>\n<p style=\"text-align: center;\"><a href=\"http:\/\/www.autocaresizaro.com\/wp-content\/uploads\/2013\/01\/Flota.png\"><img loading=\"lazy\" decoding=\"async\" class=\"size-full wp-image-149 aligncenter\" style=\"margin: 20px 38px;\" title=\"Lloguer autocars Barcelona\" src=\"http:\/\/www.autocaresizaro.com\/wp-content\/uploads\/2013\/01\/Flota.png\" alt=\"\" width=\"614\" height=\"161\" srcset=\"https:\/\/www.autocaresizaro.com\/wp-content\/uploads\/2013\/01\/Flota.png 614w, https:\/\/www.autocaresizaro.com\/wp-content\/uploads\/2013\/01\/Flota-300x78.png 300w\" sizes=\"(max-width: 614px) 100vw, 614px\" \/><\/a><\/p>\n<p><\/div>\n<div class=\"one-fourth last-column\">\n<p>Disposem amb m\u00e9s de 80 vehicles amb un ampli ventall de possibilitats i una mitjana d&#8217;antiguitats de 4 anys.<br \/>\nEl nombre de places de la nostra gamma de vehicles oscil\u2022len des de les 14 places fins les 70 places, per lo tant ens permet oferir un ampli ventall de possibilitats.<\/p>\n<h4><a href=\"http:\/\/www.autocaresizaro.com\/flota\/\"><strong><span style=\"color: #e0081f;\">Veure vehicles<\/span><\/strong><\/a><br \/>\n<\/div><\/h4>\n<div class=\"hr\"><h2 class=\"special-font\">SERVEIS ESPECIALS<\/h2><\/div>\n<div class=\"one-fourth\"><\/p>\n<div style=\"padding-top: 5px;\">\n<p style=\"text-align: left;\"><a href=\"http:\/\/www.autocaresizaro.com\/servicios\/\"><img loading=\"lazy\" decoding=\"async\" class=\"size-thumbnail wp-image-136\" style=\"margin-left: 30px; margin-right: 30px; margin-bottom: 15px;\" title=\"Lloguer minibusos Barcelona\" src=\"http:\/\/www.autocaresizaro.com\/wp-content\/uploads\/2013\/01\/Logos1-02.jpg\" alt=\"\" width=\"150\" height=\"150\" \/><\/a><\/p>\n<h4 style=\"text-align: center;\"><span style=\"color: #000000;\"><strong><a href=\"http:\/\/www.autocaresizaro.com\/servicios\/\"><span style=\"color: #000000;\">Marketing en moviment<\/span><\/a><\/strong><\/span><\/h4>\n<p>&nbsp;<\/p>\n<p style=\"text-align: justify;\">Produccions totals o parcials de campanyes en moviment que fan viure experi\u00e8ncies memorables.<\/p>\n<\/div>\n<p><\/div>\n<div class=\"one-fourth\"><\/p>\n<div style=\"padding-top: 5px;\"><a href=\"http:\/\/www.autocaresizaro.com\/servicios\/\"><img loading=\"lazy\" decoding=\"async\" style=\"margin-left: 30px; margin-right: 30px; margin-bottom: 15px;\" title=\"Lloguer autobusos Barcelona\" src=\"http:\/\/www.autocaresizaro.com\/wp-content\/uploads\/2013\/01\/Logos1-01.jpg\" alt=\"\" width=\"150\" height=\"150\" \/><\/a><\/p>\n<h4 style=\"text-align: center;\"><span style=\"color: #000000;\"><strong><a href=\"http:\/\/www.autocaresizaro.com\/servicios\/\"><span style=\"color: #000000;\">Grans esdeveniments<\/span><\/a><\/strong><\/span><\/h4>\n<p>&nbsp;<\/p>\n<p style=\"text-align: justify;\">Aportem tota la nostra experi\u00e8ncia treballant amb l\u2019organitzaci\u00f3 de l\u2019esdeveniment per a que sigui un \u00e8xit total.<\/p>\n<\/div>\n<p><\/div>\n<div class=\"one-fourth\"><\/p>\n<div style=\"padding-top: 5px;\"><a href=\"http:\/\/www.izarostatus.com\/\" target=\"_blank\" rel=\"noopener noreferrer\"><img loading=\"lazy\" decoding=\"async\" style=\"margin-left: 30px; margin-right: 30px; margin-bottom: 15px;\" title=\"Lloguer autocars per a empreses\" src=\"http:\/\/www.autocaresizaro.com\/wp-content\/uploads\/2013\/01\/Logos1-03.jpg\" alt=\"\" width=\"150\" height=\"150\" \/><\/a><\/p>\n<h4 style=\"text-align: center;\"><span style=\"color: #000000;\"><strong><a href=\"http:\/\/www.izarostatus.com\/\" target=\"_blank\" rel=\"noopener noreferrer\"><span style=\"color: #000000;\">Gamma Status<\/span><\/a><\/strong><\/span><\/h4>\n<p>&nbsp;<\/p>\n<p style=\"text-align: justify;\">Nou concepte en <a href=\"http:\/\/www.autocaresizaro.com\/ca\/portfolio\/status\/\">viatges de luxe<\/a>. Descobreix un vehicle vibrant i cosmopolita enfocat a un sector de primer nivell on l\u2019exclusivitat i la garant\u00eda son factors de prioritat.<\/p>\n<\/div>\n<p><\/div>\n<div class=\"one-fourth last-column\"><\/p>\n<p>L\u2019empresa tamb\u00e9 ofereix la possibilitat de Serveis especials, com ara:<\/p>\n<p>&#8211; M\u00e0rqueting en moviment<\/p>\n<p>&#8211; Grans esdeveniments<\/p>\n<p>&#8211; Gamma Status<\/p>\n<h4 style=\"margin-top: 38px;\"><a href=\"http:\/\/www.autocaresizaro.com\/servicios\/\"><strong><span style=\"color: #e0081f;\">M\u00e9s serveis<\/span><\/strong><\/a><\/h4>\n<p><\/div>\n","protected":false},"excerpt":{"rendered":"","protected":false},"author":1,"featured_media":0,"parent":0,"menu_order":0,"comment_status":"closed","ping_status":"closed","template":"tpl-home.php","meta":{"footnotes":""},"_links":{"self":[{"href":"https:\/\/www.autocaresizaro.com\/ca\/wp-json\/wp\/v2\/pages\/324"}],"collection":[{"href":"https:\/\/www.autocaresizaro.com\/ca\/wp-json\/wp\/v2\/pages"}],"about":[{"href":"https:\/\/www.autocaresizaro.com\/ca\/wp-json\/wp\/v2\/types\/page"}],"author":[{"embeddable":true,"href":"https:\/\/www.autocaresizaro.com\/ca\/wp-json\/wp\/v2\/users\/1"}],"replies":[{"embeddable":true,"href":"https:\/\/www.autocaresizaro.com\/ca\/wp-json\/wp\/v2\/comments?post=324"}],"version-history":[{"count":107,"href":"https:\/\/www.autocaresizaro.com\/ca\/wp-json\/wp\/v2\/pages\/324\/revisions"}],"predecessor-version":[{"id":1277,"href":"https:\/\/www.autocaresizaro.com\/ca\/wp-json\/wp\/v2\/pages\/324\/revisions\/1277"}],"wp:attachment":[{"href":"https:\/\/www.autocaresizaro.com\/ca\/wp-json\/wp\/v2\/media?parent=324"}],"curies":[{"name":"wp","href":"https:\/\/api.w.org\/{rel}","templated":true}]}}